
{"id":355,"date":"2016-12-22T12:05:35","date_gmt":"2016-12-22T12:05:35","guid":{"rendered":"http:\/\/new.otsugroup.es\/?page_id=355"},"modified":"2017-03-10T08:10:47","modified_gmt":"2017-03-10T08:10:47","slug":"conoce-rodrigo-fernandez","status":"publish","type":"page","link":"https:\/\/otsugroup.es\/en\/conoce-rodrigo-fernandez\/","title":{"rendered":"Meet Rodrigo Fern\u00e1ndez"},"content":{"rendered":"<p><\/p>\n<div class=\"container info\">\n<h2>OTSU BOARD OF DIRECTORS<\/h2>\n<div class=\"linea\"><\/div>\n<p><strong>Rodrigo Fern\u00e1ndez, founder and Director of QuickGold<\/strong>\n<\/div>\n<div class=\"container bolquefotodir\">\n<div class=\"row\">\n<div class=\"col-sm-4\">\n<img loading=\"lazy\" decoding=\"async\" src=\"http:\/\/otsugroup.es\/wp-content\/uploads\/2016\/12\/imagen_rodrigo_fernandez.jpg\" alt=\"Rodrigo Fern\u00e1ndez\" width=\"362\" height=\"389\" class=\"alignnone size-full wp-image-661\" srcset=\"https:\/\/otsugroup.es\/wp-content\/uploads\/2016\/12\/imagen_rodrigo_fernandez.jpg 362w, https:\/\/otsugroup.es\/wp-content\/uploads\/2016\/12\/imagen_rodrigo_fernandez-326x350.jpg 326w\" sizes=\"auto, (max-width: 362px) 100vw, 362px\" \/>\n<\/div>\n<div class=\"col-sm-8\">\n<br \/>\nGraduated in Organic Chemistry at the University Autonoma of Madrid, Rodrigo Fernandez completed his training with a master\u2019s degree in International Trade (Spanish-Usa international Business) at the University of Harvard.<\/p>\n<p>He began his professional carrier in 2002 as area manager of the Fast Exchange S.L Company which is dedicated to the exploitation of currency exchange establishments and convenience stores. Between 2002 and 2009 Rodrigo was general director of Quickstop Alicante S.L. and created a network of franchise stores named \u201cQuickservice\u201d. From 2009 to 2010 he was expansion director of the Quickgold brand which is a chain of establishments to purchase precious metals. From 2010 to present became the general director of this same chain while from 2011 to 2013 he was also director of Eciglog\u00edstica, company dedicated to the import and wholesale distribution of electronic cigarettes. He dealt with the international expansion of this business in order to become a reference at European level.<\/p>\n<p>In 2004 he received the Young Entrepreneur Award in Alicante who shared with his brothers Jos\u00e9 Manuel and Jorge Antonio Fern\u00e1ndez Navarro.<\/p>\n<\/div>\n<\/div>\n<\/div>\n<p><!--\n\n\n<div class=\"container info\">\n\n\n<h2>ENTREVISTA A RODRIGO FERN\u00c1NDEZ<\/h2>\n\n\n<\/div>\n\n\n\n\n\n<div class=\"container\">\n\n\n<div class=\"row\">\n\n\n<div class=\"col-sm-6 entrevista\">\n<img loading=\"lazy\" decoding=\"async\" src=\"http:\/\/otsugroup.es\/wp-content\/uploads\/2016\/12\/img01.jpg\" alt=\"\" width=\"560\" height=\"155\" class=\"alignnone size-full wp-image-590\" srcset=\"https:\/\/otsugroup.es\/wp-content\/uploads\/2016\/12\/img01.jpg 560w, https:\/\/otsugroup.es\/wp-content\/uploads\/2016\/12\/img01-350x97.jpg 350w\" sizes=\"auto, (max-width: 560px) 100vw, 560px\" \/>\n\n\n<p><strong>P: ...<\/strong><\/p>\n\n\n<br \/>\n\n\n<p class=\"resp\">R: ....<\/p>\n\n\n<\/div>\n\n\n\n\n<div class=\"col-sm-6 entrevista\">\n<img loading=\"lazy\" decoding=\"async\" src=\"http:\/\/otsugroup.es\/wp-content\/uploads\/2016\/12\/img02.jpg\" alt=\"\" width=\"560\" height=\"155\" class=\"alignnone size-full wp-image-591\" srcset=\"https:\/\/otsugroup.es\/wp-content\/uploads\/2016\/12\/img02.jpg 560w, https:\/\/otsugroup.es\/wp-content\/uploads\/2016\/12\/img02-350x97.jpg 350w\" sizes=\"auto, (max-width: 560px) 100vw, 560px\" \/>\n\n\n<p><strong>P: ...<\/strong><\/p>\n\n\n<br \/>\n\n\n<p class=\"resp\">R: ...<\/p>\n\n\n<\/div>\n\n\n<\/div>\n\n\n\n\n\n<div class=\"row\">\n\n\n<div class=\"col-sm-6 entrevista\">\n<img loading=\"lazy\" decoding=\"async\" src=\"http:\/\/otsugroup.es\/wp-content\/uploads\/2016\/12\/img03.jpg\" alt=\"\" width=\"560\" height=\"155\" class=\"alignnone size-full wp-image-592\" srcset=\"https:\/\/otsugroup.es\/wp-content\/uploads\/2016\/12\/img03.jpg 560w, https:\/\/otsugroup.es\/wp-content\/uploads\/2016\/12\/img03-350x97.jpg 350w\" sizes=\"auto, (max-width: 560px) 100vw, 560px\" \/>\n\n\n<p><strong>P: ...<\/strong><\/p>\n\n\n<br \/>\n\n\n<p class=\"resp\">R: ...<\/p>\n\n\n<\/div>\n\n\n\n\n<div class=\"col-sm-6 entrevista\">\n<img loading=\"lazy\" decoding=\"async\" src=\"http:\/\/otsugroup.es\/wp-content\/uploads\/2016\/12\/img04.jpg\" alt=\"\" width=\"560\" height=\"155\" class=\"alignnone size-full wp-image-593\" srcset=\"https:\/\/otsugroup.es\/wp-content\/uploads\/2016\/12\/img04.jpg 560w, https:\/\/otsugroup.es\/wp-content\/uploads\/2016\/12\/img04-350x97.jpg 350w\" sizes=\"auto, (max-width: 560px) 100vw, 560px\" \/>\n\n\n<p><strong>P: ...<\/strong><\/p>\n\n\n<br \/>\n\n\n<p class=\"resp\">R: ...<\/p>\n\n\n<\/div>\n\n\n<\/div>\n\n\n<\/div>\n\n\n--><\/p>\n<div style=\"margin-top:60px\"><\/div>\n<div class=\"container\">\n<div class=\"lineadotted\"><\/div>\n<\/div>\n<div class=\"bloquededos\">\n<div class=\"container\">\n<h2>OTHER MEMBERS OF THE DIRECTIVE TEAM<\/h2>\n<div class=\"linea\"><\/div>\n<div class=\"col-sm-6\">\n<img decoding=\"async\" alt=\"\" src=\"\/wp-includes\/images\/manuel.png\"\/><\/p>\n<h3>MANUEL FERN\u00c1NDEZ<\/h3>\n<p><P>Founder and President of Otsu Group<\/P><\/p>\n<div class=\"btnhome\"><a href=\"\/en\/conoce-manuel-fernandez\/\" alt=\"Leer m\u00e1s\">View more<\/a><\/div>\n<\/div>\n<div class=\"col-sm-6\">\n<img decoding=\"async\" alt=\"\" src=\"\/wp-includes\/images\/jorge.png\"\/><\/p>\n<h3>JORGE FERN\u00c1NDEZ<\/h3>\n<p><P>Founder and Director of Le Morne Bravant<\/P><\/p>\n<div class=\"btnhome\"><a href=\"\/en\/conoce-jorge-fernandez\/\" alt=\"Leer m\u00e1s\">View more<\/a><\/div>\n<\/div>\n<\/div>\n<\/div>\n<p><\/p>","protected":false},"excerpt":{"rendered":"<p>OTSU BOARD OF DIRECTORS Rodrigo Fern\u00e1ndez, founder and Director of QuickGold Graduated in Organic Chemistry at the University Autonoma of Madrid, Rodrigo Fernandez completed his training with a master\u2019s degree in International Trade (Spanish-Usa international Business) at the University of Harvard. He began his professional carrier in 2002 as area manager of the Fast Exchange [&hellip;]<\/p>\n","protected":false},"author":2,"featured_media":520,"parent":0,"menu_order":0,"comment_status":"closed","ping_status":"closed","template":"","meta":{"footnotes":""},"class_list":["post-355","page","type-page","status-publish","has-post-thumbnail","hentry"],"yoast_head":"<!-- This site is optimized with the Yoast SEO plugin v27.4 - https:\/\/yoast.com\/product\/yoast-seo-wordpress\/ -->\n<title>Meet Rodrigo Fern\u00e1ndez - Otsugroup<\/title>\n<meta name=\"robots\" content=\"noindex, follow, max-snippet:-1, max-image-preview:large, max-video-preview:-1\" \/>\n<meta property=\"og:locale\" content=\"en_US\" \/>\n<meta property=\"og:type\" content=\"article\" \/>\n<meta property=\"og:title\" content=\"[:es]Conoce a Rodrigo Fern\u00e1ndez[:en]Meet Rodrigo Fern\u00e1ndez[:] - Otsugroup\" \/>\n<meta property=\"og:description\" content=\"OTSU BOARD OF DIRECTORS Rodrigo Fern\u00e1ndez, founder and Director of QuickGold Graduated in Organic Chemistry at the University Autonoma of Madrid, Rodrigo Fernandez completed his training with a master\u2019s degree in International Trade (Spanish-Usa international Business) at the University of Harvard. He began his professional carrier in 2002 as area manager of the Fast Exchange [&hellip;]\" \/>\n<meta property=\"og:url\" content=\"https:\/\/otsugroup.es\/conoce-rodrigo-fernandez\/\" \/>\n<meta property=\"og:site_name\" content=\"Otsugroup\" \/>\n<meta property=\"article:modified_time\" content=\"2017-03-10T08:10:47+00:00\" \/>\n<meta property=\"og:image\" content=\"https:\/\/otsugroup.es\/wp-content\/uploads\/2016\/12\/cabecera_quienes_somos.jpg\" \/>\n\t<meta property=\"og:image:width\" content=\"1920\" \/>\n\t<meta property=\"og:image:height\" content=\"279\" \/>\n\t<meta property=\"og:image:type\" content=\"image\/jpeg\" \/>\n<meta name=\"twitter:card\" content=\"summary_large_image\" \/>\n<meta name=\"twitter:label1\" content=\"Est. reading time\" \/>\n\t<meta name=\"twitter:data1\" content=\"2 minutes\" \/>\n<script type=\"application\/ld+json\" class=\"yoast-schema-graph\">{\"@context\":\"https:\\\/\\\/schema.org\",\"@graph\":[{\"@type\":\"WebPage\",\"@id\":\"https:\\\/\\\/otsugroup.es\\\/conoce-rodrigo-fernandez\\\/\",\"url\":\"https:\\\/\\\/otsugroup.es\\\/conoce-rodrigo-fernandez\\\/\",\"name\":\"[:es]Conoce a Rodrigo Fern\u00e1ndez[:en]Meet Rodrigo Fern\u00e1ndez[:] - Otsugroup\",\"isPartOf\":{\"@id\":\"https:\\\/\\\/otsugroup.es\\\/#website\"},\"primaryImageOfPage\":{\"@id\":\"https:\\\/\\\/otsugroup.es\\\/conoce-rodrigo-fernandez\\\/#primaryimage\"},\"image\":{\"@id\":\"https:\\\/\\\/otsugroup.es\\\/conoce-rodrigo-fernandez\\\/#primaryimage\"},\"thumbnailUrl\":\"https:\\\/\\\/otsugroup.es\\\/wp-content\\\/uploads\\\/2016\\\/12\\\/cabecera_quienes_somos.jpg\",\"datePublished\":\"2016-12-22T12:05:35+00:00\",\"dateModified\":\"2017-03-10T08:10:47+00:00\",\"breadcrumb\":{\"@id\":\"https:\\\/\\\/otsugroup.es\\\/conoce-rodrigo-fernandez\\\/#breadcrumb\"},\"inLanguage\":\"en-US\",\"potentialAction\":[{\"@type\":\"ReadAction\",\"target\":[\"https:\\\/\\\/otsugroup.es\\\/conoce-rodrigo-fernandez\\\/\"]}]},{\"@type\":\"ImageObject\",\"inLanguage\":\"en-US\",\"@id\":\"https:\\\/\\\/otsugroup.es\\\/conoce-rodrigo-fernandez\\\/#primaryimage\",\"url\":\"https:\\\/\\\/otsugroup.es\\\/wp-content\\\/uploads\\\/2016\\\/12\\\/cabecera_quienes_somos.jpg\",\"contentUrl\":\"https:\\\/\\\/otsugroup.es\\\/wp-content\\\/uploads\\\/2016\\\/12\\\/cabecera_quienes_somos.jpg\",\"width\":1920,\"height\":279},{\"@type\":\"BreadcrumbList\",\"@id\":\"https:\\\/\\\/otsugroup.es\\\/conoce-rodrigo-fernandez\\\/#breadcrumb\",\"itemListElement\":[{\"@type\":\"ListItem\",\"position\":1,\"name\":\"Portada\",\"item\":\"https:\\\/\\\/otsugroup.es\\\/\"},{\"@type\":\"ListItem\",\"position\":2,\"name\":\"Conoce a Rodrigo Fern\u00e1ndez\"}]},{\"@type\":\"WebSite\",\"@id\":\"https:\\\/\\\/otsugroup.es\\\/#website\",\"url\":\"https:\\\/\\\/otsugroup.es\\\/\",\"name\":\"Otsugroup\",\"description\":\"\",\"potentialAction\":[{\"@type\":\"SearchAction\",\"target\":{\"@type\":\"EntryPoint\",\"urlTemplate\":\"https:\\\/\\\/otsugroup.es\\\/?s={search_term_string}\"},\"query-input\":{\"@type\":\"PropertyValueSpecification\",\"valueRequired\":true,\"valueName\":\"search_term_string\"}}],\"inLanguage\":\"en-US\"}]}<\/script>\n<!-- \/ Yoast SEO plugin. -->","yoast_head_json":{"title":"[:es]Conoce a Rodrigo Fern\u00e1ndez[:en]Meet Rodrigo Fern\u00e1ndez[:] - Otsugroup","robots":{"index":"noindex","follow":"follow","max-snippet":"max-snippet:-1","max-image-preview":"max-image-preview:large","max-video-preview":"max-video-preview:-1"},"og_locale":"en_US","og_type":"article","og_title":"[:es]Conoce a Rodrigo Fern\u00e1ndez[:en]Meet Rodrigo Fern\u00e1ndez[:] - Otsugroup","og_description":"OTSU BOARD OF DIRECTORS Rodrigo Fern\u00e1ndez, founder and Director of QuickGold Graduated in Organic Chemistry at the University Autonoma of Madrid, Rodrigo Fernandez completed his training with a master\u2019s degree in International Trade (Spanish-Usa international Business) at the University of Harvard. He began his professional carrier in 2002 as area manager of the Fast Exchange [&hellip;]","og_url":"https:\/\/otsugroup.es\/conoce-rodrigo-fernandez\/","og_site_name":"Otsugroup","article_modified_time":"2017-03-10T08:10:47+00:00","og_image":[{"width":1920,"height":279,"url":"https:\/\/otsugroup.es\/wp-content\/uploads\/2016\/12\/cabecera_quienes_somos.jpg","type":"image\/jpeg"}],"twitter_card":"summary_large_image","twitter_misc":{"Est. reading time":"2 minutes"},"schema":{"@context":"https:\/\/schema.org","@graph":[{"@type":"WebPage","@id":"https:\/\/otsugroup.es\/conoce-rodrigo-fernandez\/","url":"https:\/\/otsugroup.es\/conoce-rodrigo-fernandez\/","name":"[:es]Conoce a Rodrigo Fern\u00e1ndez[:en]Meet Rodrigo Fern\u00e1ndez[:] - Otsugroup","isPartOf":{"@id":"https:\/\/otsugroup.es\/#website"},"primaryImageOfPage":{"@id":"https:\/\/otsugroup.es\/conoce-rodrigo-fernandez\/#primaryimage"},"image":{"@id":"https:\/\/otsugroup.es\/conoce-rodrigo-fernandez\/#primaryimage"},"thumbnailUrl":"https:\/\/otsugroup.es\/wp-content\/uploads\/2016\/12\/cabecera_quienes_somos.jpg","datePublished":"2016-12-22T12:05:35+00:00","dateModified":"2017-03-10T08:10:47+00:00","breadcrumb":{"@id":"https:\/\/otsugroup.es\/conoce-rodrigo-fernandez\/#breadcrumb"},"inLanguage":"en-US","potentialAction":[{"@type":"ReadAction","target":["https:\/\/otsugroup.es\/conoce-rodrigo-fernandez\/"]}]},{"@type":"ImageObject","inLanguage":"en-US","@id":"https:\/\/otsugroup.es\/conoce-rodrigo-fernandez\/#primaryimage","url":"https:\/\/otsugroup.es\/wp-content\/uploads\/2016\/12\/cabecera_quienes_somos.jpg","contentUrl":"https:\/\/otsugroup.es\/wp-content\/uploads\/2016\/12\/cabecera_quienes_somos.jpg","width":1920,"height":279},{"@type":"BreadcrumbList","@id":"https:\/\/otsugroup.es\/conoce-rodrigo-fernandez\/#breadcrumb","itemListElement":[{"@type":"ListItem","position":1,"name":"Portada","item":"https:\/\/otsugroup.es\/"},{"@type":"ListItem","position":2,"name":"Conoce a Rodrigo Fern\u00e1ndez"}]},{"@type":"WebSite","@id":"https:\/\/otsugroup.es\/#website","url":"https:\/\/otsugroup.es\/","name":"Otsugroup","description":"","potentialAction":[{"@type":"SearchAction","target":{"@type":"EntryPoint","urlTemplate":"https:\/\/otsugroup.es\/?s={search_term_string}"},"query-input":{"@type":"PropertyValueSpecification","valueRequired":true,"valueName":"search_term_string"}}],"inLanguage":"en-US"}]}},"_links":{"self":[{"href":"https:\/\/otsugroup.es\/en\/wp-json\/wp\/v2\/pages\/355","targetHints":{"allow":["GET"]}}],"collection":[{"href":"https:\/\/otsugroup.es\/en\/wp-json\/wp\/v2\/pages"}],"about":[{"href":"https:\/\/otsugroup.es\/en\/wp-json\/wp\/v2\/types\/page"}],"author":[{"embeddable":true,"href":"https:\/\/otsugroup.es\/en\/wp-json\/wp\/v2\/users\/2"}],"replies":[{"embeddable":true,"href":"https:\/\/otsugroup.es\/en\/wp-json\/wp\/v2\/comments?post=355"}],"version-history":[{"count":5,"href":"https:\/\/otsugroup.es\/en\/wp-json\/wp\/v2\/pages\/355\/revisions"}],"predecessor-version":[{"id":771,"href":"https:\/\/otsugroup.es\/en\/wp-json\/wp\/v2\/pages\/355\/revisions\/771"}],"wp:featuredmedia":[{"embeddable":true,"href":"https:\/\/otsugroup.es\/en\/wp-json\/wp\/v2\/media\/520"}],"wp:attachment":[{"href":"https:\/\/otsugroup.es\/en\/wp-json\/wp\/v2\/media?parent=355"}],"curies":[{"name":"wp","href":"https:\/\/api.w.org\/{rel}","templated":true}]}}