
{"id":353,"date":"2016-12-22T12:04:49","date_gmt":"2016-12-22T12:04:49","guid":{"rendered":"http:\/\/new.otsugroup.es\/?page_id=353"},"modified":"2017-03-10T07:43:28","modified_gmt":"2017-03-10T07:43:28","slug":"conoce-manuel-fernandez","status":"publish","type":"page","link":"https:\/\/otsugroup.es\/en\/conoce-manuel-fernandez\/","title":{"rendered":"Meet Manuel Fern\u00e1ndez"},"content":{"rendered":"<p><\/p>\n<div class=\"container info\">\n<h2>OTSU BOARD OF DIRECTORS<\/h2>\n<div class=\"linea\"><\/div>\n<p><strong>Manuel Fern\u00e1ndez, founder and president of Otsu group<\/strong>\n<\/div>\n<div class=\"container bolquefotodir\">\n<div class=\"row\">\n<div class=\"col-sm-4\">\n<img loading=\"lazy\" decoding=\"async\" src=\"http:\/\/otsugroup.es\/wp-content\/uploads\/2016\/12\/manuel_fernandez_otsu_group2-1.jpg\" alt=\"\" width=\"362\" height=\"384\" class=\"alignnone size-full wp-image-587\" \/>\n<\/div>\n<div class=\"col-sm-8\">\n<br \/>\nAfter obtaining his Law degree from Complutense University in Madrid, then completed his training by attending the Spanish-USA International business at Harvard University and the Advanced Management Program (APM) at the Business Institute.<\/p>\n<p>Fern\u00e1ndez took his first steps as an entrepreneur in Palma de Mallorca, where at the age of 21 he launched a currency exchange business with his brothers which eventually became six centers in addition to the 24-hour convenience stores.<\/p>\n<p>In 1999 he moved to Alicante where he began his activity as a franchisee in the training sector. In 2001 he joined the dental practice at Vitaldent and in 2002 took on the restaurant industry Lizarr\u00e1n. In that same year Dorsia was created which is currently known as the main label of the group, Le Morne Brabant  in 2004 and finally  Quick Gold in 2009.<\/p>\n<p>In 2006 the family founded the holding company named Otsu which brings together several owned businesses and shares. Manuel Fern\u00e1ndez is the president of Otsu since the last quarter of 2010.<br \/>\nIn 2004, the Fern\u00e1ndez brothers received the Young Entrepreneurs Award in Alicante.\n<\/p><\/div>\n<\/div>\n<\/div>\n<div class=\"container info\">\n<h2>INTERVIEW MANUEL FERNANDEZ<\/h2>\n<\/div>\n<div class=\"container\">\n<div class=\"row\">\n<div class=\"col-sm-6 entrevista\">\n<img loading=\"lazy\" decoding=\"async\" src=\"http:\/\/otsugroup.es\/wp-content\/uploads\/2016\/12\/img01.jpg\" alt=\"\" width=\"560\" height=\"155\" class=\"alignnone size-full wp-image-590\" srcset=\"https:\/\/otsugroup.es\/wp-content\/uploads\/2016\/12\/img01.jpg 560w, https:\/\/otsugroup.es\/wp-content\/uploads\/2016\/12\/img01-350x97.jpg 350w\" sizes=\"auto, (max-width: 560px) 100vw, 560px\" \/><\/p>\n<p><strong>R. At a time when most sectors and companies were cutting job positions, OTSU maintained its expansion and diversification plans. What is the key to keep growing?<\/strong><\/p>\n<p><\/p>\n<p class=\"resp\">I. It is in the most difficult situations that you see the difference on the marketplace. It is then that you can verify who did things properly and who is able to adapt to the situation. In the case of Dorsia, four more clinics were added to the network in 2002. Currently we have 50 clinics, some of them are our own clinics and the rest are franchisees. We believe in the franchise formula as the best way to continue expanding at a national level.<\/p>\n<\/div>\n<div class=\"col-sm-6 entrevista\">\n<img loading=\"lazy\" decoding=\"async\" src=\"http:\/\/otsugroup.es\/wp-content\/uploads\/2016\/12\/img02.jpg\" alt=\"\" width=\"560\" height=\"155\" class=\"alignnone size-full wp-image-591\" srcset=\"https:\/\/otsugroup.es\/wp-content\/uploads\/2016\/12\/img02.jpg 560w, https:\/\/otsugroup.es\/wp-content\/uploads\/2016\/12\/img02-350x97.jpg 350w\" sizes=\"auto, (max-width: 560px) 100vw, 560px\" \/><\/p>\n<p><strong>R. What are the keys for the company\u2019s success?<\/strong><\/p>\n<p><\/p>\n<p class=\"resp\">I. There are many factors but the most important are: passion and tenacity which are closely related to each other. Bet on your own idea and never give up. Core values define who you are and what you are able to do with your efforts and ideas. Begin your project even with few resources and prove that it works.<\/p>\n<\/div>\n<\/div>\n<div class=\"row\">\n<div class=\"col-sm-6 entrevista\">\n<img loading=\"lazy\" decoding=\"async\" src=\"http:\/\/otsugroup.es\/wp-content\/uploads\/2016\/12\/img03.jpg\" alt=\"\" width=\"560\" height=\"155\" class=\"alignnone size-full wp-image-592\" srcset=\"https:\/\/otsugroup.es\/wp-content\/uploads\/2016\/12\/img03.jpg 560w, https:\/\/otsugroup.es\/wp-content\/uploads\/2016\/12\/img03-350x97.jpg 350w\" sizes=\"auto, (max-width: 560px) 100vw, 560px\" \/><\/p>\n<p><strong>R. The company also incorporated the social responsibility into its business strategy. Can you detail the main lines of action in this area?<\/strong><\/p>\n<p><\/p>\n<p class=\"resp\">I. Recently, our most important step was the establishment and launching of Healthy Ways foundation which supports health and training projects. We always try to take the corporate social responsibility at all areas of the organization through environmental actions and respect for the environment.<\/p>\n<\/div>\n<div class=\"col-sm-6 entrevista\">\n<img loading=\"lazy\" decoding=\"async\" src=\"http:\/\/otsugroup.es\/wp-content\/uploads\/2016\/12\/img04.jpg\" alt=\"\" width=\"560\" height=\"155\" class=\"alignnone size-full wp-image-593\" srcset=\"https:\/\/otsugroup.es\/wp-content\/uploads\/2016\/12\/img04.jpg 560w, https:\/\/otsugroup.es\/wp-content\/uploads\/2016\/12\/img04-350x97.jpg 350w\" sizes=\"auto, (max-width: 560px) 100vw, 560px\" \/><\/p>\n<p><strong>R. What does innovation mean?<\/strong><\/p>\n<p><\/p>\n<p class=\"resp\">I. It means that we are committed to our customers to constantly renew ourselves. Innovation is the key to succeed. For instance, Dorsia has its own R and D department which collaborates with several universities, companies and conducts their own market researches. We are not afraid of making a mistake. Paralysis is the worst that can happen to a company.<\/p>\n<\/div>\n<\/div>\n<\/div>\n<div style=\"margin-top:60px\"><\/div>\n<div class=\"container\">\n<div class=\"lineadotted\"><\/div>\n<\/div>\n<div class=\"bloquededos\">\n<div class=\"container\">\n<h2>OTHER MEMBERS OF THE DIRECTIVE TEAM<\/h2>\n<div class=\"linea\"><\/div>\n<div class=\"col-sm-6\">\n<img decoding=\"async\" alt=\"\" src=\"\/wp-includes\/images\/jorge.png\"\/><\/p>\n<h3>JORGE FERN\u00c1NDEZ<\/h3>\n<p><P>Founder and Director of Le Morne Bravant<\/P><\/p>\n<div class=\"btnhome\"><a href=\"\/en\/conoce-jorge-fernandez\/\" alt=\"\">View more<\/a><\/div>\n<\/div>\n<div class=\"col-sm-6\">\n<img decoding=\"async\" alt=\"\" src=\"\/wp-includes\/images\/rodrigo.png\"\/><\/p>\n<h3>RODRIGO FERN\u00c1NDEZ<\/h3>\n<p><P>Founder and Director of QuickGold<\/P><\/p>\n<div class=\"btnhome\"><a href=\"\/en\/conoce-rodrigo-fernandez\/\" alt=\"\">View more<\/a><\/div>\n<\/div>\n<\/div>\n<\/div>\n<p><\/p>","protected":false},"excerpt":{"rendered":"<p>OTSU BOARD OF DIRECTORS Manuel Fern\u00e1ndez, founder and president of Otsu group After obtaining his Law degree from Complutense University in Madrid, then completed his training by attending the Spanish-USA International business at Harvard University and the Advanced Management Program (APM) at the Business Institute. Fern\u00e1ndez took his first steps as an entrepreneur in Palma [&hellip;]<\/p>\n","protected":false},"author":2,"featured_media":520,"parent":0,"menu_order":0,"comment_status":"closed","ping_status":"closed","template":"","meta":{"footnotes":""},"class_list":["post-353","page","type-page","status-publish","has-post-thumbnail","hentry"],"yoast_head":"<!-- This site is optimized with the Yoast SEO plugin v27.4 - https:\/\/yoast.com\/product\/yoast-seo-wordpress\/ -->\n<title>Meet Manuel Fern\u00e1ndez - Otsugroup<\/title>\n<meta name=\"robots\" content=\"noindex, follow, max-snippet:-1, max-image-preview:large, max-video-preview:-1\" \/>\n<meta property=\"og:locale\" content=\"en_US\" \/>\n<meta property=\"og:type\" content=\"article\" \/>\n<meta property=\"og:title\" content=\"[:es]Conoce a Manuel Fern\u00e1ndez[:en]Meet Manuel Fern\u00e1ndez[:] - Otsugroup\" \/>\n<meta property=\"og:description\" content=\"OTSU BOARD OF DIRECTORS Manuel Fern\u00e1ndez, founder and president of Otsu group After obtaining his Law degree from Complutense University in Madrid, then completed his training by attending the Spanish-USA International business at Harvard University and the Advanced Management Program (APM) at the Business Institute. Fern\u00e1ndez took his first steps as an entrepreneur in Palma [&hellip;]\" \/>\n<meta property=\"og:url\" content=\"https:\/\/otsugroup.es\/conoce-manuel-fernandez\/\" \/>\n<meta property=\"og:site_name\" content=\"Otsugroup\" \/>\n<meta property=\"article:modified_time\" content=\"2017-03-10T07:43:28+00:00\" \/>\n<meta property=\"og:image\" content=\"https:\/\/otsugroup.es\/wp-content\/uploads\/2016\/12\/cabecera_quienes_somos.jpg\" \/>\n\t<meta property=\"og:image:width\" content=\"1920\" \/>\n\t<meta property=\"og:image:height\" content=\"279\" \/>\n\t<meta property=\"og:image:type\" content=\"image\/jpeg\" \/>\n<meta name=\"twitter:card\" content=\"summary_large_image\" \/>\n<meta name=\"twitter:label1\" content=\"Est. reading time\" \/>\n\t<meta name=\"twitter:data1\" content=\"6 minutes\" \/>\n<script type=\"application\/ld+json\" class=\"yoast-schema-graph\">{\"@context\":\"https:\\\/\\\/schema.org\",\"@graph\":[{\"@type\":\"WebPage\",\"@id\":\"https:\\\/\\\/otsugroup.es\\\/conoce-manuel-fernandez\\\/\",\"url\":\"https:\\\/\\\/otsugroup.es\\\/conoce-manuel-fernandez\\\/\",\"name\":\"[:es]Conoce a Manuel Fern\u00e1ndez[:en]Meet Manuel Fern\u00e1ndez[:] - Otsugroup\",\"isPartOf\":{\"@id\":\"https:\\\/\\\/otsugroup.es\\\/#website\"},\"primaryImageOfPage\":{\"@id\":\"https:\\\/\\\/otsugroup.es\\\/conoce-manuel-fernandez\\\/#primaryimage\"},\"image\":{\"@id\":\"https:\\\/\\\/otsugroup.es\\\/conoce-manuel-fernandez\\\/#primaryimage\"},\"thumbnailUrl\":\"https:\\\/\\\/otsugroup.es\\\/wp-content\\\/uploads\\\/2016\\\/12\\\/cabecera_quienes_somos.jpg\",\"datePublished\":\"2016-12-22T12:04:49+00:00\",\"dateModified\":\"2017-03-10T07:43:28+00:00\",\"breadcrumb\":{\"@id\":\"https:\\\/\\\/otsugroup.es\\\/conoce-manuel-fernandez\\\/#breadcrumb\"},\"inLanguage\":\"en-US\",\"potentialAction\":[{\"@type\":\"ReadAction\",\"target\":[\"https:\\\/\\\/otsugroup.es\\\/conoce-manuel-fernandez\\\/\"]}]},{\"@type\":\"ImageObject\",\"inLanguage\":\"en-US\",\"@id\":\"https:\\\/\\\/otsugroup.es\\\/conoce-manuel-fernandez\\\/#primaryimage\",\"url\":\"https:\\\/\\\/otsugroup.es\\\/wp-content\\\/uploads\\\/2016\\\/12\\\/cabecera_quienes_somos.jpg\",\"contentUrl\":\"https:\\\/\\\/otsugroup.es\\\/wp-content\\\/uploads\\\/2016\\\/12\\\/cabecera_quienes_somos.jpg\",\"width\":1920,\"height\":279},{\"@type\":\"BreadcrumbList\",\"@id\":\"https:\\\/\\\/otsugroup.es\\\/conoce-manuel-fernandez\\\/#breadcrumb\",\"itemListElement\":[{\"@type\":\"ListItem\",\"position\":1,\"name\":\"Portada\",\"item\":\"https:\\\/\\\/otsugroup.es\\\/\"},{\"@type\":\"ListItem\",\"position\":2,\"name\":\"Conoce a Manuel Fern\u00e1ndez\"}]},{\"@type\":\"WebSite\",\"@id\":\"https:\\\/\\\/otsugroup.es\\\/#website\",\"url\":\"https:\\\/\\\/otsugroup.es\\\/\",\"name\":\"Otsugroup\",\"description\":\"\",\"potentialAction\":[{\"@type\":\"SearchAction\",\"target\":{\"@type\":\"EntryPoint\",\"urlTemplate\":\"https:\\\/\\\/otsugroup.es\\\/?s={search_term_string}\"},\"query-input\":{\"@type\":\"PropertyValueSpecification\",\"valueRequired\":true,\"valueName\":\"search_term_string\"}}],\"inLanguage\":\"en-US\"}]}<\/script>\n<!-- \/ Yoast SEO plugin. -->","yoast_head_json":{"title":"[:es]Conoce a Manuel Fern\u00e1ndez[:en]Meet Manuel Fern\u00e1ndez[:] - Otsugroup","robots":{"index":"noindex","follow":"follow","max-snippet":"max-snippet:-1","max-image-preview":"max-image-preview:large","max-video-preview":"max-video-preview:-1"},"og_locale":"en_US","og_type":"article","og_title":"[:es]Conoce a Manuel Fern\u00e1ndez[:en]Meet Manuel Fern\u00e1ndez[:] - Otsugroup","og_description":"OTSU BOARD OF DIRECTORS Manuel Fern\u00e1ndez, founder and president of Otsu group After obtaining his Law degree from Complutense University in Madrid, then completed his training by attending the Spanish-USA International business at Harvard University and the Advanced Management Program (APM) at the Business Institute. Fern\u00e1ndez took his first steps as an entrepreneur in Palma [&hellip;]","og_url":"https:\/\/otsugroup.es\/conoce-manuel-fernandez\/","og_site_name":"Otsugroup","article_modified_time":"2017-03-10T07:43:28+00:00","og_image":[{"width":1920,"height":279,"url":"https:\/\/otsugroup.es\/wp-content\/uploads\/2016\/12\/cabecera_quienes_somos.jpg","type":"image\/jpeg"}],"twitter_card":"summary_large_image","twitter_misc":{"Est. reading time":"6 minutes"},"schema":{"@context":"https:\/\/schema.org","@graph":[{"@type":"WebPage","@id":"https:\/\/otsugroup.es\/conoce-manuel-fernandez\/","url":"https:\/\/otsugroup.es\/conoce-manuel-fernandez\/","name":"[:es]Conoce a Manuel Fern\u00e1ndez[:en]Meet Manuel Fern\u00e1ndez[:] - Otsugroup","isPartOf":{"@id":"https:\/\/otsugroup.es\/#website"},"primaryImageOfPage":{"@id":"https:\/\/otsugroup.es\/conoce-manuel-fernandez\/#primaryimage"},"image":{"@id":"https:\/\/otsugroup.es\/conoce-manuel-fernandez\/#primaryimage"},"thumbnailUrl":"https:\/\/otsugroup.es\/wp-content\/uploads\/2016\/12\/cabecera_quienes_somos.jpg","datePublished":"2016-12-22T12:04:49+00:00","dateModified":"2017-03-10T07:43:28+00:00","breadcrumb":{"@id":"https:\/\/otsugroup.es\/conoce-manuel-fernandez\/#breadcrumb"},"inLanguage":"en-US","potentialAction":[{"@type":"ReadAction","target":["https:\/\/otsugroup.es\/conoce-manuel-fernandez\/"]}]},{"@type":"ImageObject","inLanguage":"en-US","@id":"https:\/\/otsugroup.es\/conoce-manuel-fernandez\/#primaryimage","url":"https:\/\/otsugroup.es\/wp-content\/uploads\/2016\/12\/cabecera_quienes_somos.jpg","contentUrl":"https:\/\/otsugroup.es\/wp-content\/uploads\/2016\/12\/cabecera_quienes_somos.jpg","width":1920,"height":279},{"@type":"BreadcrumbList","@id":"https:\/\/otsugroup.es\/conoce-manuel-fernandez\/#breadcrumb","itemListElement":[{"@type":"ListItem","position":1,"name":"Portada","item":"https:\/\/otsugroup.es\/"},{"@type":"ListItem","position":2,"name":"Conoce a Manuel Fern\u00e1ndez"}]},{"@type":"WebSite","@id":"https:\/\/otsugroup.es\/#website","url":"https:\/\/otsugroup.es\/","name":"Otsugroup","description":"","potentialAction":[{"@type":"SearchAction","target":{"@type":"EntryPoint","urlTemplate":"https:\/\/otsugroup.es\/?s={search_term_string}"},"query-input":{"@type":"PropertyValueSpecification","valueRequired":true,"valueName":"search_term_string"}}],"inLanguage":"en-US"}]}},"_links":{"self":[{"href":"https:\/\/otsugroup.es\/en\/wp-json\/wp\/v2\/pages\/353","targetHints":{"allow":["GET"]}}],"collection":[{"href":"https:\/\/otsugroup.es\/en\/wp-json\/wp\/v2\/pages"}],"about":[{"href":"https:\/\/otsugroup.es\/en\/wp-json\/wp\/v2\/types\/page"}],"author":[{"embeddable":true,"href":"https:\/\/otsugroup.es\/en\/wp-json\/wp\/v2\/users\/2"}],"replies":[{"embeddable":true,"href":"https:\/\/otsugroup.es\/en\/wp-json\/wp\/v2\/comments?post=353"}],"version-history":[{"count":5,"href":"https:\/\/otsugroup.es\/en\/wp-json\/wp\/v2\/pages\/353\/revisions"}],"predecessor-version":[{"id":768,"href":"https:\/\/otsugroup.es\/en\/wp-json\/wp\/v2\/pages\/353\/revisions\/768"}],"wp:featuredmedia":[{"embeddable":true,"href":"https:\/\/otsugroup.es\/en\/wp-json\/wp\/v2\/media\/520"}],"wp:attachment":[{"href":"https:\/\/otsugroup.es\/en\/wp-json\/wp\/v2\/media?parent=353"}],"curies":[{"name":"wp","href":"https:\/\/api.w.org\/{rel}","templated":true}]}}