
{"id":350,"date":"2016-12-22T12:03:36","date_gmt":"2016-12-22T12:03:36","guid":{"rendered":"http:\/\/new.otsugroup.es\/?page_id=350"},"modified":"2017-03-10T08:10:28","modified_gmt":"2017-03-10T08:10:28","slug":"conoce-jorge-fernandez","status":"publish","type":"page","link":"https:\/\/otsugroup.es\/en\/conoce-jorge-fernandez\/","title":{"rendered":"Meet Jorge Fern\u00e1ndez"},"content":{"rendered":"<p><\/p>\n<div class=\"container info\">\n<h2>OTSU BOARD OF DIRECTORS<\/h2>\n<div class=\"linea\"><\/div>\n<p><strong>Jorge Fern\u00e1ndez, founder and director of Le Morne Brabant<\/strong>\n<\/div>\n<div class=\"container bolquefotodir\">\n<div class=\"row\">\n<div class=\"col-sm-4\">\n<img loading=\"lazy\" decoding=\"async\" src=\"http:\/\/otsugroup.es\/wp-content\/uploads\/2016\/12\/jorge_fernandez_otsu_group-1.jpg\" alt=\"Jorge Fern\u00e1ndez\" width=\"362\" height=\"387\" class=\"alignnone size-full wp-image-663\" srcset=\"https:\/\/otsugroup.es\/wp-content\/uploads\/2016\/12\/jorge_fernandez_otsu_group-1.jpg 362w, https:\/\/otsugroup.es\/wp-content\/uploads\/2016\/12\/jorge_fernandez_otsu_group-1-327x350.jpg 327w\" sizes=\"auto, (max-width: 362px) 100vw, 362px\" \/>\n<\/div>\n<div class=\"col-sm-8\">\n<p style=\"margin-top:50px\">After obtaining his bachelor&#8217;s degree in Economics and Business Administration at Complutense University in Madrid, Jorge Fernandez completed his training with a master\u2019s degree in Executive Education at Harward University where he learnt to develop Spanish companies in United States.<\/p>\n<p>He started his professional carrier by opening a currency exchange business with his brother Manuel Fernandez who is the president of Otsu Group. Between 1998 and 2001 he directed several currency exchange offices and convenience stores in Palma de Mallorca.<br \/>\nBetween 2001 and 2004 he was the manager of Schoola Language Schools, based in Alicante.  Since 2004 he is the general director of Le Morne Brabant law firm, as well as vice president and partner of Otsu Group.<\/p>\n<p>In 2004 he and his brothers received the Young Entrepreneurs Award from JOVEMPA.\n<\/p><\/div>\n<\/div>\n<\/div>\n<div style=\"margin-top:60px\"><\/div>\n<div class=\"container\">\n<div class=\"lineadotted\"><\/div>\n<\/div>\n<div class=\"bloquededos\">\n<div class=\"container\">\n<h2>OTHER MEMBERS OF THE DIRECTIVE TEAM<\/h2>\n<div class=\"linea\"><\/div>\n<div class=\"col-sm-6\">\n<img decoding=\"async\" alt=\"\" src=\"\/wp-includes\/images\/manuel.png\"\/><\/p>\n<h3>MANUEL FERN\u00c1NDEZ<\/h3>\n<p><P>Founder and President of Otsu Group<\/P><\/p>\n<div class=\"btnhome\"><a href=\"\/en\/conoce-manuel-fernandez\/\" alt=\"\">View more<\/a><\/div>\n<\/div>\n<div class=\"col-sm-6\">\n<img decoding=\"async\" alt=\"\" src=\"\/wp-includes\/images\/rodrigo.png\"\/><\/p>\n<h3>RODRIGO FERN\u00c1NDEZ<\/h3>\n<p><P>Founder and Director of QuickGold<\/P><\/p>\n<div class=\"btnhome\"><a href=\"\/en\/conoce-rodrigo-fernandez\/\" alt=\"\">View more<\/a><\/div>\n<\/div>\n<\/div>\n<\/div>\n<p><\/p>","protected":false},"excerpt":{"rendered":"<p>OTSU BOARD OF DIRECTORS Jorge Fern\u00e1ndez, founder and director of Le Morne Brabant After obtaining his bachelor&#8217;s degree in Economics and Business Administration at Complutense University in Madrid, Jorge Fernandez completed his training with a master\u2019s degree in Executive Education at Harward University where he learnt to develop Spanish companies in United States. He started [&hellip;]<\/p>\n","protected":false},"author":2,"featured_media":520,"parent":0,"menu_order":0,"comment_status":"closed","ping_status":"closed","template":"","meta":{"footnotes":""},"class_list":["post-350","page","type-page","status-publish","has-post-thumbnail","hentry"],"yoast_head":"<!-- This site is optimized with the Yoast SEO plugin v27.4 - https:\/\/yoast.com\/product\/yoast-seo-wordpress\/ -->\n<title>Meet Jorge Fern\u00e1ndez - Otsugroup<\/title>\n<meta name=\"robots\" content=\"noindex, follow, max-snippet:-1, max-image-preview:large, max-video-preview:-1\" \/>\n<meta property=\"og:locale\" content=\"en_US\" \/>\n<meta property=\"og:type\" content=\"article\" \/>\n<meta property=\"og:title\" content=\"[:es]Conoce a Jorge Fern\u00e1ndez[:en]Meet Jorge Fern\u00e1ndez[:] - Otsugroup\" \/>\n<meta property=\"og:description\" content=\"OTSU BOARD OF DIRECTORS Jorge Fern\u00e1ndez, founder and director of Le Morne Brabant After obtaining his bachelor&#8217;s degree in Economics and Business Administration at Complutense University in Madrid, Jorge Fernandez completed his training with a master\u2019s degree in Executive Education at Harward University where he learnt to develop Spanish companies in United States. He started [&hellip;]\" \/>\n<meta property=\"og:url\" content=\"https:\/\/otsugroup.es\/conoce-jorge-fernandez\/\" \/>\n<meta property=\"og:site_name\" content=\"Otsugroup\" \/>\n<meta property=\"article:modified_time\" content=\"2017-03-10T08:10:28+00:00\" \/>\n<meta property=\"og:image\" content=\"https:\/\/otsugroup.es\/wp-content\/uploads\/2016\/12\/cabecera_quienes_somos.jpg\" \/>\n\t<meta property=\"og:image:width\" content=\"1920\" \/>\n\t<meta property=\"og:image:height\" content=\"279\" \/>\n\t<meta property=\"og:image:type\" content=\"image\/jpeg\" \/>\n<meta name=\"twitter:card\" content=\"summary_large_image\" \/>\n<meta name=\"twitter:label1\" content=\"Est. reading time\" \/>\n\t<meta name=\"twitter:data1\" content=\"2 minutes\" \/>\n<script type=\"application\/ld+json\" class=\"yoast-schema-graph\">{\"@context\":\"https:\\\/\\\/schema.org\",\"@graph\":[{\"@type\":\"WebPage\",\"@id\":\"https:\\\/\\\/otsugroup.es\\\/conoce-jorge-fernandez\\\/\",\"url\":\"https:\\\/\\\/otsugroup.es\\\/conoce-jorge-fernandez\\\/\",\"name\":\"[:es]Conoce a Jorge Fern\u00e1ndez[:en]Meet Jorge Fern\u00e1ndez[:] - Otsugroup\",\"isPartOf\":{\"@id\":\"https:\\\/\\\/otsugroup.es\\\/#website\"},\"primaryImageOfPage\":{\"@id\":\"https:\\\/\\\/otsugroup.es\\\/conoce-jorge-fernandez\\\/#primaryimage\"},\"image\":{\"@id\":\"https:\\\/\\\/otsugroup.es\\\/conoce-jorge-fernandez\\\/#primaryimage\"},\"thumbnailUrl\":\"https:\\\/\\\/otsugroup.es\\\/wp-content\\\/uploads\\\/2016\\\/12\\\/cabecera_quienes_somos.jpg\",\"datePublished\":\"2016-12-22T12:03:36+00:00\",\"dateModified\":\"2017-03-10T08:10:28+00:00\",\"breadcrumb\":{\"@id\":\"https:\\\/\\\/otsugroup.es\\\/conoce-jorge-fernandez\\\/#breadcrumb\"},\"inLanguage\":\"en-US\",\"potentialAction\":[{\"@type\":\"ReadAction\",\"target\":[\"https:\\\/\\\/otsugroup.es\\\/conoce-jorge-fernandez\\\/\"]}]},{\"@type\":\"ImageObject\",\"inLanguage\":\"en-US\",\"@id\":\"https:\\\/\\\/otsugroup.es\\\/conoce-jorge-fernandez\\\/#primaryimage\",\"url\":\"https:\\\/\\\/otsugroup.es\\\/wp-content\\\/uploads\\\/2016\\\/12\\\/cabecera_quienes_somos.jpg\",\"contentUrl\":\"https:\\\/\\\/otsugroup.es\\\/wp-content\\\/uploads\\\/2016\\\/12\\\/cabecera_quienes_somos.jpg\",\"width\":1920,\"height\":279},{\"@type\":\"BreadcrumbList\",\"@id\":\"https:\\\/\\\/otsugroup.es\\\/conoce-jorge-fernandez\\\/#breadcrumb\",\"itemListElement\":[{\"@type\":\"ListItem\",\"position\":1,\"name\":\"Portada\",\"item\":\"https:\\\/\\\/otsugroup.es\\\/\"},{\"@type\":\"ListItem\",\"position\":2,\"name\":\"Conoce a Jorge Fern\u00e1ndez\"}]},{\"@type\":\"WebSite\",\"@id\":\"https:\\\/\\\/otsugroup.es\\\/#website\",\"url\":\"https:\\\/\\\/otsugroup.es\\\/\",\"name\":\"Otsugroup\",\"description\":\"\",\"potentialAction\":[{\"@type\":\"SearchAction\",\"target\":{\"@type\":\"EntryPoint\",\"urlTemplate\":\"https:\\\/\\\/otsugroup.es\\\/?s={search_term_string}\"},\"query-input\":{\"@type\":\"PropertyValueSpecification\",\"valueRequired\":true,\"valueName\":\"search_term_string\"}}],\"inLanguage\":\"en-US\"}]}<\/script>\n<!-- \/ Yoast SEO plugin. -->","yoast_head_json":{"title":"[:es]Conoce a Jorge Fern\u00e1ndez[:en]Meet Jorge Fern\u00e1ndez[:] - Otsugroup","robots":{"index":"noindex","follow":"follow","max-snippet":"max-snippet:-1","max-image-preview":"max-image-preview:large","max-video-preview":"max-video-preview:-1"},"og_locale":"en_US","og_type":"article","og_title":"[:es]Conoce a Jorge Fern\u00e1ndez[:en]Meet Jorge Fern\u00e1ndez[:] - Otsugroup","og_description":"OTSU BOARD OF DIRECTORS Jorge Fern\u00e1ndez, founder and director of Le Morne Brabant After obtaining his bachelor&#8217;s degree in Economics and Business Administration at Complutense University in Madrid, Jorge Fernandez completed his training with a master\u2019s degree in Executive Education at Harward University where he learnt to develop Spanish companies in United States. He started [&hellip;]","og_url":"https:\/\/otsugroup.es\/conoce-jorge-fernandez\/","og_site_name":"Otsugroup","article_modified_time":"2017-03-10T08:10:28+00:00","og_image":[{"width":1920,"height":279,"url":"https:\/\/otsugroup.es\/wp-content\/uploads\/2016\/12\/cabecera_quienes_somos.jpg","type":"image\/jpeg"}],"twitter_card":"summary_large_image","twitter_misc":{"Est. reading time":"2 minutes"},"schema":{"@context":"https:\/\/schema.org","@graph":[{"@type":"WebPage","@id":"https:\/\/otsugroup.es\/conoce-jorge-fernandez\/","url":"https:\/\/otsugroup.es\/conoce-jorge-fernandez\/","name":"[:es]Conoce a Jorge Fern\u00e1ndez[:en]Meet Jorge Fern\u00e1ndez[:] - Otsugroup","isPartOf":{"@id":"https:\/\/otsugroup.es\/#website"},"primaryImageOfPage":{"@id":"https:\/\/otsugroup.es\/conoce-jorge-fernandez\/#primaryimage"},"image":{"@id":"https:\/\/otsugroup.es\/conoce-jorge-fernandez\/#primaryimage"},"thumbnailUrl":"https:\/\/otsugroup.es\/wp-content\/uploads\/2016\/12\/cabecera_quienes_somos.jpg","datePublished":"2016-12-22T12:03:36+00:00","dateModified":"2017-03-10T08:10:28+00:00","breadcrumb":{"@id":"https:\/\/otsugroup.es\/conoce-jorge-fernandez\/#breadcrumb"},"inLanguage":"en-US","potentialAction":[{"@type":"ReadAction","target":["https:\/\/otsugroup.es\/conoce-jorge-fernandez\/"]}]},{"@type":"ImageObject","inLanguage":"en-US","@id":"https:\/\/otsugroup.es\/conoce-jorge-fernandez\/#primaryimage","url":"https:\/\/otsugroup.es\/wp-content\/uploads\/2016\/12\/cabecera_quienes_somos.jpg","contentUrl":"https:\/\/otsugroup.es\/wp-content\/uploads\/2016\/12\/cabecera_quienes_somos.jpg","width":1920,"height":279},{"@type":"BreadcrumbList","@id":"https:\/\/otsugroup.es\/conoce-jorge-fernandez\/#breadcrumb","itemListElement":[{"@type":"ListItem","position":1,"name":"Portada","item":"https:\/\/otsugroup.es\/"},{"@type":"ListItem","position":2,"name":"Conoce a Jorge Fern\u00e1ndez"}]},{"@type":"WebSite","@id":"https:\/\/otsugroup.es\/#website","url":"https:\/\/otsugroup.es\/","name":"Otsugroup","description":"","potentialAction":[{"@type":"SearchAction","target":{"@type":"EntryPoint","urlTemplate":"https:\/\/otsugroup.es\/?s={search_term_string}"},"query-input":{"@type":"PropertyValueSpecification","valueRequired":true,"valueName":"search_term_string"}}],"inLanguage":"en-US"}]}},"_links":{"self":[{"href":"https:\/\/otsugroup.es\/en\/wp-json\/wp\/v2\/pages\/350","targetHints":{"allow":["GET"]}}],"collection":[{"href":"https:\/\/otsugroup.es\/en\/wp-json\/wp\/v2\/pages"}],"about":[{"href":"https:\/\/otsugroup.es\/en\/wp-json\/wp\/v2\/types\/page"}],"author":[{"embeddable":true,"href":"https:\/\/otsugroup.es\/en\/wp-json\/wp\/v2\/users\/2"}],"replies":[{"embeddable":true,"href":"https:\/\/otsugroup.es\/en\/wp-json\/wp\/v2\/comments?post=350"}],"version-history":[{"count":5,"href":"https:\/\/otsugroup.es\/en\/wp-json\/wp\/v2\/pages\/350\/revisions"}],"predecessor-version":[{"id":770,"href":"https:\/\/otsugroup.es\/en\/wp-json\/wp\/v2\/pages\/350\/revisions\/770"}],"wp:featuredmedia":[{"embeddable":true,"href":"https:\/\/otsugroup.es\/en\/wp-json\/wp\/v2\/media\/520"}],"wp:attachment":[{"href":"https:\/\/otsugroup.es\/en\/wp-json\/wp\/v2\/media?parent=350"}],"curies":[{"name":"wp","href":"https:\/\/api.w.org\/{rel}","templated":true}]}}